{"id":18,"date":"2015-01-31T09:28:52","date_gmt":"2015-01-31T09:28:52","guid":{"rendered":"http:\/\/moreandtennis.com\/?page_id=18"},"modified":"2015-02-20T13:47:43","modified_gmt":"2015-02-20T13:47:43","slug":"espanol-servicios","status":"publish","type":"page","link":"http:\/\/moreandtennis.com\/?page_id=18","title":{"rendered":"SERVICIOS"},"content":{"rendered":"<p>Servicio de transporte<br \/> &#8211; Tienda y servicio de encordado<br \/> &#8211; Fisioterapia<br \/> &#8211; Asesoramiento juridico-legal<br \/> &#8211; Clases de Ingl\u00e9s y espa\u00f1ol<br \/> &#8211; Coaching y Atenci\u00f3n Psicol\u00f3gica<br \/> &#8211; Alojamiento<\/p>\r\n<p><strong> ALOJAMIENTO EN FAMILIA<\/strong><br \/> Alojamiento en familias espa\u00f1olas de absoluta confianza que trabajan con la Academia<br \/> <strong>\u00a0 INCLUYE:<\/strong><br \/> &#8211; Habitaci\u00f3n para un m\u00e1ximo de 2 jugadores.<br \/> &#8211; Desayuno y cena.<br \/> &#8211; Lavado de ropa.<br \/> <strong>ALOJAMIENTO EN PISOS<\/strong><br \/> Podr\u00e1n optar por alojarse en apartamentos o pisos cuyo precio oscilar\u00e1 entre los 400 \u20ac y<br \/> los 1000 \u20ac \/mes seg\u00fan el tama\u00f1o y la zona del piso elegido.<br \/> <strong>ALOJAMIENTO EN RESIDENCIA<\/strong><br \/> Podr\u00e1n alojarse en la residencia ubicada dentro del Centro Deportivo El Cid<\/p>","protected":false},"excerpt":{"rendered":"<p>Servicio de transporte &#8211; Tienda y servicio de encordado &#8211; Fisioterapia &#8211; Asesoramiento juridico-legal &#8211; Clases de Ingl\u00e9s y espa\u00f1ol &#8211; Coaching y Atenci\u00f3n Psicol\u00f3gica &#8211; Alojamiento ALOJAMIENTO EN FAMILIA Alojamiento en familias espa\u00f1olas de absoluta confianza que trabajan con la Academia \u00a0 INCLUYE: &#8211; Habitaci\u00f3n para un m\u00e1ximo de 2 jugadores. &#8211; Desayuno y [&hellip;]<\/p>\n","protected":false},"author":1,"featured_media":0,"parent":0,"menu_order":0,"comment_status":"closed","ping_status":"closed","template":"page-nosidebar.php","meta":[],"_links":{"self":[{"href":"http:\/\/moreandtennis.com\/index.php?rest_route=\/wp\/v2\/pages\/18"}],"collection":[{"href":"http:\/\/moreandtennis.com\/index.php?rest_route=\/wp\/v2\/pages"}],"about":[{"href":"http:\/\/moreandtennis.com\/index.php?rest_route=\/wp\/v2\/types\/page"}],"author":[{"embeddable":true,"href":"http:\/\/moreandtennis.com\/index.php?rest_route=\/wp\/v2\/users\/1"}],"replies":[{"embeddable":true,"href":"http:\/\/moreandtennis.com\/index.php?rest_route=%2Fwp%2Fv2%2Fcomments&post=18"}],"version-history":[{"count":13,"href":"http:\/\/moreandtennis.com\/index.php?rest_route=\/wp\/v2\/pages\/18\/revisions"}],"predecessor-version":[{"id":354,"href":"http:\/\/moreandtennis.com\/index.php?rest_route=\/wp\/v2\/pages\/18\/revisions\/354"}],"wp:attachment":[{"href":"http:\/\/moreandtennis.com\/index.php?rest_route=%2Fwp%2Fv2%2Fmedia&parent=18"}],"curies":[{"name":"wp","href":"https:\/\/api.w.org\/{rel}","templated":true}]}}