{"id":41,"date":"2015-01-31T15:51:53","date_gmt":"2015-01-31T15:51:53","guid":{"rendered":"http:\/\/moreandtennis.com\/?page_id=41"},"modified":"2015-03-10T12:55:14","modified_gmt":"2015-03-10T12:55:14","slug":"espanol-equipo-tecnico","status":"publish","type":"page","link":"http:\/\/moreandtennis.com\/?page_id=41","title":{"rendered":"EQUIPO TECNICO"},"content":{"rendered":"<p><strong>DAVID MORANT ALFONSO &#8211; DIRECTOR DEPORTIVO<\/strong><\/p>\r\n<p><a href=\"http:\/\/moreandtennis.com\/wp-content\/uploads\/IMG_33461.jpg\"><img loading=\"lazy\" class=\"alignnone size-thumbnail wp-image-275\" src=\"http:\/\/moreandtennis.com\/wp-content\/uploads\/IMG_33461-150x150.jpg\" alt=\"IMG_3346\" width=\"150\" height=\"150\" \/><\/a><\/p>\r\n<p>-Entrenador Nacional por RFET<br \/> -Titulaci\u00f3n Entrenador Nacional \u00a0por RPT.<br \/> -Titulaci\u00f3n\u00a0 Internacional por RPT (Professional Tennis Director)<br \/> -Titulaci\u00f3n Internacional USPTA (Professional)<br \/> -Titulaci\u00f3n Internacional Coaches Institute.<br \/> -Arbitro Nacional por RFET.<\/p>\r\n<p><strong>NATALIA SAIZ NAVARRO &#8211; RESPONSABLE TORNEOS Y ADMINISTRACI\u00d3N<\/strong><\/p>\r\n<p><a href=\"http:\/\/moreandtennis.com\/wp-content\/uploads\/IMG_3478.jpg\"><img loading=\"lazy\" class=\"alignnone size-thumbnail wp-image-281\" src=\"http:\/\/moreandtennis.com\/wp-content\/uploads\/IMG_3478-150x150.jpg\" alt=\"IMG_3478\" width=\"150\" height=\"150\" \/><\/a><\/p>\r\n<p>-T\u00e9cnico Superior en Administraci\u00f3n y Finanzas.<br \/> -Titulaci\u00f3n Entrenador Nacional por RPT<br \/> -Titulaci\u00f3n\u00a0 Internacional por RPT<br \/> -Arbitro Nacional por FTCV.<\/p>\r\n<p><strong>HELIO CARRATALA &#8211; PREPARADOR F\u00edSICO<\/strong><\/p>\r\n<p>-Licenciado en Ciencias de la Actividad F\u00edsica y el Deporte.<br \/> -Maestro especialista en Educaci\u00f3n F\u00edsica.<br \/> -Doctorado en Ciencias de la Actividad F\u00edsica.<br \/> -Master en Alto Rendimiento Deportivo por el Comit\u00e9 Ol\u00edmpico Espa\u00f1ol.<\/p>\r\n<p><strong>\u00a0<\/strong><\/p>","protected":false},"excerpt":{"rendered":"<p>DAVID MORANT ALFONSO &#8211; DIRECTOR DEPORTIVO -Entrenador Nacional por RFET -Titulaci\u00f3n Entrenador Nacional \u00a0por RPT. -Titulaci\u00f3n\u00a0 Internacional por RPT (Professional Tennis Director) -Titulaci\u00f3n Internacional USPTA (Professional) -Titulaci\u00f3n Internacional Coaches Institute. -Arbitro Nacional por RFET. NATALIA SAIZ NAVARRO &#8211; RESPONSABLE TORNEOS Y ADMINISTRACI\u00d3N -T\u00e9cnico Superior en Administraci\u00f3n y Finanzas. -Titulaci\u00f3n Entrenador Nacional por RPT -Titulaci\u00f3n\u00a0 Internacional [&hellip;]<\/p>\n","protected":false},"author":1,"featured_media":0,"parent":0,"menu_order":0,"comment_status":"closed","ping_status":"closed","template":"page-nosidebar.php","meta":[],"_links":{"self":[{"href":"http:\/\/moreandtennis.com\/index.php?rest_route=\/wp\/v2\/pages\/41"}],"collection":[{"href":"http:\/\/moreandtennis.com\/index.php?rest_route=\/wp\/v2\/pages"}],"about":[{"href":"http:\/\/moreandtennis.com\/index.php?rest_route=\/wp\/v2\/types\/page"}],"author":[{"embeddable":true,"href":"http:\/\/moreandtennis.com\/index.php?rest_route=\/wp\/v2\/users\/1"}],"replies":[{"embeddable":true,"href":"http:\/\/moreandtennis.com\/index.php?rest_route=%2Fwp%2Fv2%2Fcomments&post=41"}],"version-history":[{"count":14,"href":"http:\/\/moreandtennis.com\/index.php?rest_route=\/wp\/v2\/pages\/41\/revisions"}],"predecessor-version":[{"id":401,"href":"http:\/\/moreandtennis.com\/index.php?rest_route=\/wp\/v2\/pages\/41\/revisions\/401"}],"wp:attachment":[{"href":"http:\/\/moreandtennis.com\/index.php?rest_route=%2Fwp%2Fv2%2Fmedia&parent=41"}],"curies":[{"name":"wp","href":"https:\/\/api.w.org\/{rel}","templated":true}]}}